{"id":2041,"date":"2020-01-15T15:20:41","date_gmt":"2020-01-15T14:20:41","guid":{"rendered":"https:\/\/loietstrategies.com\/mentions-legales\/"},"modified":"2020-05-17T16:20:16","modified_gmt":"2020-05-17T14:20:16","slug":"mentions-legales","status":"publish","type":"page","link":"https:\/\/loietstrategies.com\/en\/mentions-legales\/","title":{"rendered":"Legal Notice"},"content":{"rendered":"<p><div class=\"fusion-bg-parallax\" data-bg-align=\"center center\" data-direction=\"up\" data-mute=\"false\" data-opacity=\"100\" data-velocity=\"-0.3\" data-mobile-enabled=\"false\" data-break_parents=\"0\" data-bg-image=\"https:\/\/loietstrategies.com\/wp-content\/uploads\/2019\/08\/P7240343-1024x768.jpg\" data-bg-repeat=\"false\" ><\/div><div class=\"fusion-fullwidth fullwidth-box fusion-builder-row-1 fusion-parallax-up nonhundred-percent-fullwidth non-hundred-percent-height-scrolling\" style=\"--awb-border-radius-top-left:0px;--awb-border-radius-top-right:0px;--awb-border-radius-bottom-right:0px;--awb-border-radius-bottom-left:0px;--awb-padding-top:200px;--awb-padding-bottom:200px;--awb-margin-bottom:90px;--awb-background-image:url(&quot;https:\/\/loietstrategies.com\/wp-content\/uploads\/2019\/08\/P7240343-1024x768.jpg&quot;);--awb-background-size:cover;--awb-flex-wrap:wrap;\" ><div class=\"fusion-builder-row fusion-row\"><div class=\"fusion-layout-column fusion_builder_column fusion-builder-column-0 fusion_builder_column_1_1 1_1 fusion-one-full fusion-column-first fusion-column-last\" style=\"--awb-bg-size:cover;\"><div class=\"fusion-column-wrapper fusion-column-has-shadow fusion-flex-column-wrapper-legacy\"><div class=\"fusion-title title fusion-title-1 fusion-sep-none fusion-title-center fusion-title-text fusion-title-size-one\" style=\"--awb-text-color:#ffffff;--awb-font-size:36px;\"><h1 class=\"fusion-title-heading title-heading-center\" style=\"margin:0;font-size:1em;\">Legal Notice<\/h1><\/div><div class=\"fusion-clearfix\"><\/div><\/div><\/div><\/div><\/div><div class=\"fusion-fullwidth fullwidth-box fusion-builder-row-2 nonhundred-percent-fullwidth non-hundred-percent-height-scrolling\" style=\"--awb-border-radius-top-left:0px;--awb-border-radius-top-right:0px;--awb-border-radius-bottom-right:0px;--awb-border-radius-bottom-left:0px;--awb-flex-wrap:wrap;\" ><div class=\"fusion-builder-row fusion-row\"><div class=\"fusion-layout-column fusion_builder_column fusion-builder-column-1 fusion_builder_column_1_6 1_6 fusion-one-sixth fusion-column-first\" style=\"--awb-bg-size:cover;width:16.666666666667%;width:calc(16.666666666667% - ( ( 4% + 4% ) * 0.16666666666667 ) );margin-right: 4%;\"><div class=\"fusion-column-wrapper fusion-column-has-shadow fusion-flex-column-wrapper-legacy\"><div class=\"fusion-clearfix\"><\/div><\/div><\/div><div class=\"fusion-layout-column fusion_builder_column fusion-builder-column-2 fusion_builder_column_2_3 2_3 fusion-two-third\" style=\"--awb-bg-size:cover;width:66.666666666667%;width:calc(66.666666666667% - ( ( 4% + 4% ) * 0.66666666666667 ) );margin-right: 4%;\"><div class=\"fusion-column-wrapper fusion-column-has-shadow fusion-flex-column-wrapper-legacy\"><div class=\"fusion-text fusion-text-1\"><p>Pursuant to the rules relating to the identification of companies and by virtue of Article 6 of Law No. 2004-575 of 21 June 2004 on confidence in the digital economy, users of the www.loietstrategies.com website are informed of the identity of its owner and the identity of the various parties involved in publishing and monitoring it:<\/p>\n<ul>\n<li>Propri\u00e9taire : Nicolas Genty Avocats \u2013 Loi et strat\u00e9gies<\/li>\n<li>Si\u00e8ge social : 40, place du th\u00e9\u00e2tre, 59800 Lille<\/li>\n<li>Bureau de Paris : 222 Boulevard Saint-Germain 75007 Paris<\/li>\n<li>SELARL au capital de 10 000 euros<\/li>\n<li>Immatricul\u00e9e sous le num\u00e9ro 853 570 422 RCS Lille M\u00e9tropole<\/li>\n<li>Cabinet d\u2019avocats inscrit aux barreaux de Lille &amp; de Paris<\/li>\n<\/ul>\n<ul>\n<li>Responsable publication : Nicolas Genty<\/li>\n<li>T\u00e9l\u00e9phone : +33 (0)\u00a06 25 35 08 05<\/li>\n<li>Logo Loi&amp;Strat\u00e9gies \u2013 Cr\u00e9ation Julie SABLE<\/li>\n<li>Cr\u00e9ation du site : Les WWW<\/li>\n<li>H\u00e9bergeur : OVH \u2013 2 rue Kellermann, BP 80157, 59100 Roubaix<\/li>\n<\/ul>\n<\/div><div class=\"fusion-clearfix\"><\/div><\/div><\/div><div class=\"fusion-layout-column fusion_builder_column fusion-builder-column-3 fusion_builder_column_1_6 1_6 fusion-one-sixth fusion-column-last\" style=\"--awb-bg-size:cover;width:16.666666666667%;width:calc(16.666666666667% - ( ( 4% + 4% ) * 0.16666666666667 ) );\"><div class=\"fusion-column-wrapper fusion-column-has-shadow fusion-flex-column-wrapper-legacy\"><div class=\"fusion-clearfix\"><\/div><\/div><\/div><\/div><\/div><\/p>\n","protected":false},"excerpt":{"rendered":"","protected":false},"author":2,"featured_media":0,"parent":0,"menu_order":0,"comment_status":"closed","ping_status":"closed","template":"100-width.php","meta":{"footnotes":""},"class_list":["post-2041","page","type-page","status-publish","hentry"],"_links":{"self":[{"href":"https:\/\/loietstrategies.com\/en\/wp-json\/wp\/v2\/pages\/2041","targetHints":{"allow":["GET"]}}],"collection":[{"href":"https:\/\/loietstrategies.com\/en\/wp-json\/wp\/v2\/pages"}],"about":[{"href":"https:\/\/loietstrategies.com\/en\/wp-json\/wp\/v2\/types\/page"}],"author":[{"embeddable":true,"href":"https:\/\/loietstrategies.com\/en\/wp-json\/wp\/v2\/users\/2"}],"replies":[{"embeddable":true,"href":"https:\/\/loietstrategies.com\/en\/wp-json\/wp\/v2\/comments?post=2041"}],"version-history":[{"count":3,"href":"https:\/\/loietstrategies.com\/en\/wp-json\/wp\/v2\/pages\/2041\/revisions"}],"predecessor-version":[{"id":2588,"href":"https:\/\/loietstrategies.com\/en\/wp-json\/wp\/v2\/pages\/2041\/revisions\/2588"}],"wp:attachment":[{"href":"https:\/\/loietstrategies.com\/en\/wp-json\/wp\/v2\/media?parent=2041"}],"curies":[{"name":"wp","href":"https:\/\/api.w.org\/{rel}","templated":true}]}}